
{"id":21746,"date":"2022-08-17T13:25:29","date_gmt":"2022-08-17T11:25:29","guid":{"rendered":"https:\/\/prep-epid.org\/?page_id=21746"},"modified":"2022-08-17T13:38:18","modified_gmt":"2022-08-17T11:38:18","slug":"organigramme","status":"publish","type":"page","link":"https:\/\/prep-epid.org\/index.php\/organigramme\/","title":{"rendered":"Organigramme"},"content":{"rendered":"<p>[vc_row content_width=&#8221;grid&#8221; css=&#8221;.vc_custom_1660736043140{margin-top: -80px !important;padding-top: 60px !important;padding-bottom: 60px !important;background-color: #f7f7f7 !important;}&#8221;][vc_column][vc_column_text]<\/p>\n<h2 style=\"text-align: center;\"><strong>ORGANIGRAMME<\/strong><\/h2>\n<p>[\/vc_column_text][vc_empty_space height=&#8221;14px&#8221;]\n<p class=\"edgtf-section-subtitle\" style=\"text-align:center;color:#888888\">\n\tPREP-EPID<\/p><div class=\"edgtf-separator-holder clearfix  edgtf-separator-center\">\n\t<div class=\"edgtf-separator\" style=\"border-color: #ffb422;width: 55px;border-bottom-width: 3px;margin-top: 25px;margin-bottom: 75px\"><\/div>\n<\/div>\n<div class=\"edgtf-project-presentation presentation-left edgtf-project-presentation-light\">\n    <div class=\"edgtf-pp-content-holder\">\n        <div class=\"edgtf-pp-content-left\">\n            <div class=\"edgtf-pp-text-holder\" style=\"background-image: url(https:\/\/prep-epid.org\/wp-content\/uploads\/2017\/03\/h1-presentation-img-1.jpg)\">\n                                    <h2 class=\"edgtf-pp-title\">\n                        Le consortium est dirig\u00e9 par un comit\u00e9 de pilotage.                    <\/h2>\n                                                    <p class=\"edgtf-pp-subtitle\">\n                        Sa gestion au jour le jour le jour est sous la responsabilit\u00e9 d\u2019un coordonnateur (investigateur principal du projet) aid\u00e9 par un secr\u00e9tariat du programme. Quatre groupes de travail sont mis en place pour prendre en charge les activit\u00e9s du consortium.                    <\/p>\n                \t                        <\/div>\n        <\/div>\n        <div class=\"edgtf-pp-content-right\">\n            <div class=\"edgtf-pp-gallery\">\n                <div class=\"edgtf-pp-gallery-slider\" data-autoplay=\"3\" data-pagination=\"yes\">\n                                                <img width=\"976\" height=\"587\" src=\"https:\/\/prep-epid.org\/wp-content\/uploads\/2022\/08\/Organigramme.jpg\" class=\"attachment-full size-full\" alt=\"\" loading=\"lazy\" srcset=\"https:\/\/prep-epid.org\/wp-content\/uploads\/2022\/08\/Organigramme.jpg 976w, https:\/\/prep-epid.org\/wp-content\/uploads\/2022\/08\/Organigramme-600x361.jpg 600w, https:\/\/prep-epid.org\/wp-content\/uploads\/2022\/08\/Organigramme-300x180.jpg 300w, https:\/\/prep-epid.org\/wp-content\/uploads\/2022\/08\/Organigramme-768x462.jpg 768w\" sizes=\"(max-width: 976px) 100vw, 976px\" \/>                                    <\/div>\n            <\/div>\n        <\/div>\n    <\/div>\n<\/div>[vc_empty_space height=&#8221;48 px&#8221;][\/vc_column][\/vc_row]<\/p>\n","protected":false},"excerpt":{"rendered":"<p>[vc_row content_width=&#8221;grid&#8221; css=&#8221;.vc_custom_1660736043140{margin-top: -80px !important;padding-top: 60px !important;padding-bottom: 60px !important;background-color: #f7f7f7 !important;}&#8221;][vc_column][vc_column_text] ORGANIGRAMME [\/vc_column_text][vc_empty_space height=&#8221;14px&#8221;][vc_empty_space height=&#8221;48 px&#8221;][\/vc_column][\/vc_row]<\/p>\n","protected":false},"author":1,"featured_media":0,"parent":0,"menu_order":0,"comment_status":"closed","ping_status":"closed","template":"full-width.php","meta":{"om_disable_all_campaigns":false,"_monsterinsights_skip_tracking":false,"_monsterinsights_sitenote_active":false,"_monsterinsights_sitenote_note":"","_monsterinsights_sitenote_category":0},"_links":{"self":[{"href":"https:\/\/prep-epid.org\/index.php\/wp-json\/wp\/v2\/pages\/21746"}],"collection":[{"href":"https:\/\/prep-epid.org\/index.php\/wp-json\/wp\/v2\/pages"}],"about":[{"href":"https:\/\/prep-epid.org\/index.php\/wp-json\/wp\/v2\/types\/page"}],"author":[{"embeddable":true,"href":"https:\/\/prep-epid.org\/index.php\/wp-json\/wp\/v2\/users\/1"}],"replies":[{"embeddable":true,"href":"https:\/\/prep-epid.org\/index.php\/wp-json\/wp\/v2\/comments?post=21746"}],"version-history":[{"count":7,"href":"https:\/\/prep-epid.org\/index.php\/wp-json\/wp\/v2\/pages\/21746\/revisions"}],"predecessor-version":[{"id":21753,"href":"https:\/\/prep-epid.org\/index.php\/wp-json\/wp\/v2\/pages\/21746\/revisions\/21753"}],"wp:attachment":[{"href":"https:\/\/prep-epid.org\/index.php\/wp-json\/wp\/v2\/media?parent=21746"}],"curies":[{"name":"wp","href":"https:\/\/api.w.org\/{rel}","templated":true}]}}